{"id":5138,"date":"2026-03-02T08:44:47","date_gmt":"2026-03-02T07:44:47","guid":{"rendered":"https:\/\/www.radotronic.de\/?page_id=5138"},"modified":"2026-03-02T12:27:14","modified_gmt":"2026-03-02T11:27:14","slug":"glasfasertechnik","status":"publish","type":"page","link":"https:\/\/www.radotronic.de\/index.php\/glasfasertechnik\/","title":{"rendered":"Glasfasertechnik"},"content":{"rendered":"<div class=\"wpb-content-wrapper\"><p>[vc_row][vc_column width=&#8220;1\/2&#8243;][vc_column_text css=&#8220;&#8220;]<\/p>\n<h2>Glasfasertechnik<\/h2>\n<p>[\/vc_column_text][vc_column_text css=&#8220;&#8220;]<\/p>\n<p style=\"font-weight: 400;\">Die steigenden Anforderungen an Kommunikationssysteme, auch im Bereich PV erfordern schnelle und sichere \u00dcbertragung von Signalen und Daten,auch auf langen Wegstrecken. Die \u00dcbertragung mittels Lichtwellenleiter (Glasfasern) ist nicht mehr wegzudenken. Modernste Ger\u00e4te erlauben uns diese Technik fachgerecht umzusetzten.<\/p>\n<ul style=\"font-weight: 400;\">\n<li>Verlegung von LWL Leitungen.<\/li>\n<li>Spleissarbeiten an LWL<\/li>\n<li>Kabelmessungen mittels ODTR Messtechnik<\/li>\n<\/ul>\n<p>[\/vc_column_text][vc_column_text css=&#8220;.vc_custom_1772450830128{margin-top: 40px !important;}&#8220;]<\/p>\n<h2 style=\"font-weight: 400;\">Lassen Sie sich beraten!<\/h2>\n<p style=\"font-weight: 400;\">Wir haben eine L\u00f6sung.<\/p>\n<p>[\/vc_column_text]<style type=\"text\/css\" data-type=\"the7_shortcodes-inline-css\">#default-btn-36bd799cfe99e8857a91f50f1807ed86.ico-right-side > i {\n  margin-right: 0px;\n  margin-left: 8px;\n}\n#default-btn-36bd799cfe99e8857a91f50f1807ed86 > i {\n  margin-right: 8px;\n}<\/style><a href=\"https:\/\/www.radotronic.de\/index.php\/kontakt\/\" class=\"default-btn-shortcode dt-btn dt-btn-s link-hover-off btn-inline-left  vc_custom_1772450799173\" target=\"_blank\" id=\"default-btn-36bd799cfe99e8857a91f50f1807ed86\" title=\"Kontakt\" rel=\"noopener\"><span>Kontakt<\/span><\/a>[\/vc_column][vc_column width=&#8220;1\/2&#8243;][vc_single_image image=&#8220;5173&#8243; img_size=&#8220;full&#8220; css=&#8220;&#8220;][\/vc_column][\/vc_row]<\/p>\n<\/div>","protected":false},"excerpt":{"rendered":"<p>[vc_row][vc_column width=&#8220;1\/2&#8243;][vc_column_text css=&#8220;&#8220;] Glasfasertechnik [\/vc_column_text][vc_column_text css=&#8220;&#8220;] Die steigenden Anforderungen an Kommunikationssysteme, auch im Bereich PV erfordern schnelle und sichere \u00dcbertragung von Signalen und Daten,auch auf langen Wegstrecken. Die \u00dcbertragung mittels Lichtwellenleiter (Glasfasern) ist nicht mehr wegzudenken. Modernste Ger\u00e4te erlauben uns diese Technik fachgerecht umzusetzten. Verlegung von LWL Leitungen. Spleissarbeiten an LWL Kabelmessungen mittels ODTR Messtechnik&hellip;<\/p>\n","protected":false},"author":1,"featured_media":0,"parent":0,"menu_order":0,"comment_status":"closed","ping_status":"closed","template":"","meta":{"footnotes":""},"class_list":["post-5138","page","type-page","status-publish","hentry","description-off"],"yoast_head":"<!-- This site is optimized with the Yoast SEO plugin v27.0 - https:\/\/yoast.com\/product\/yoast-seo-wordpress\/ -->\n<title>Glasfasertechnik - radotronic elektrotechnische systeme gmbh<\/title>\n<meta name=\"robots\" content=\"index, follow, max-snippet:-1, max-image-preview:large, max-video-preview:-1\" \/>\n<link rel=\"canonical\" href=\"https:\/\/www.radotronic.de\/index.php\/glasfasertechnik\/\" \/>\n<meta property=\"og:locale\" content=\"de_DE\" \/>\n<meta property=\"og:type\" content=\"article\" \/>\n<meta property=\"og:title\" content=\"Glasfasertechnik - radotronic elektrotechnische systeme gmbh\" \/>\n<meta property=\"og:description\" content=\"[vc_row][vc_column width=&#8220;1\/2&#8243;][vc_column_text css=&#8220;&#8220;] Glasfasertechnik [\/vc_column_text][vc_column_text css=&#8220;&#8220;] Die steigenden Anforderungen an Kommunikationssysteme, auch im Bereich PV erfordern schnelle und sichere \u00dcbertragung von Signalen und Daten,auch auf langen Wegstrecken. Die \u00dcbertragung mittels Lichtwellenleiter (Glasfasern) ist nicht mehr wegzudenken. Modernste Ger\u00e4te erlauben uns diese Technik fachgerecht umzusetzten. Verlegung von LWL Leitungen. Spleissarbeiten an LWL Kabelmessungen mittels ODTR Messtechnik&hellip;\" \/>\n<meta property=\"og:url\" content=\"https:\/\/www.radotronic.de\/index.php\/glasfasertechnik\/\" \/>\n<meta property=\"og:site_name\" content=\"radotronic elektrotechnische systeme gmbh\" \/>\n<meta property=\"article:modified_time\" content=\"2026-03-02T11:27:14+00:00\" \/>\n<meta name=\"twitter:card\" content=\"summary_large_image\" \/>\n<meta name=\"twitter:label1\" content=\"Gesch\u00e4tzte Lesezeit\" \/>\n\t<meta name=\"twitter:data1\" content=\"1\u00a0Minute\" \/>\n<script type=\"application\/ld+json\" class=\"yoast-schema-graph\">{\"@context\":\"https:\/\/schema.org\",\"@graph\":[{\"@type\":\"WebPage\",\"@id\":\"https:\/\/www.radotronic.de\/index.php\/glasfasertechnik\/\",\"url\":\"https:\/\/www.radotronic.de\/index.php\/glasfasertechnik\/\",\"name\":\"Glasfasertechnik - radotronic elektrotechnische systeme gmbh\",\"isPartOf\":{\"@id\":\"https:\/\/www.radotronic.de\/#website\"},\"datePublished\":\"2026-03-02T07:44:47+00:00\",\"dateModified\":\"2026-03-02T11:27:14+00:00\",\"breadcrumb\":{\"@id\":\"https:\/\/www.radotronic.de\/index.php\/glasfasertechnik\/#breadcrumb\"},\"inLanguage\":\"de\",\"potentialAction\":[{\"@type\":\"ReadAction\",\"target\":[\"https:\/\/www.radotronic.de\/index.php\/glasfasertechnik\/\"]}]},{\"@type\":\"BreadcrumbList\",\"@id\":\"https:\/\/www.radotronic.de\/index.php\/glasfasertechnik\/#breadcrumb\",\"itemListElement\":[{\"@type\":\"ListItem\",\"position\":1,\"name\":\"Startseite\",\"item\":\"https:\/\/www.radotronic.de\/\"},{\"@type\":\"ListItem\",\"position\":2,\"name\":\"Glasfasertechnik\"}]},{\"@type\":\"WebSite\",\"@id\":\"https:\/\/www.radotronic.de\/#website\",\"url\":\"https:\/\/www.radotronic.de\/\",\"name\":\"radotronic elektrotechnische systeme gmbh\",\"description\":\"\",\"potentialAction\":[{\"@type\":\"SearchAction\",\"target\":{\"@type\":\"EntryPoint\",\"urlTemplate\":\"https:\/\/www.radotronic.de\/?s={search_term_string}\"},\"query-input\":{\"@type\":\"PropertyValueSpecification\",\"valueRequired\":true,\"valueName\":\"search_term_string\"}}],\"inLanguage\":\"de\"}]}<\/script>\n<!-- \/ Yoast SEO plugin. -->","yoast_head_json":{"title":"Glasfasertechnik - radotronic elektrotechnische systeme gmbh","robots":{"index":"index","follow":"follow","max-snippet":"max-snippet:-1","max-image-preview":"max-image-preview:large","max-video-preview":"max-video-preview:-1"},"canonical":"https:\/\/www.radotronic.de\/index.php\/glasfasertechnik\/","og_locale":"de_DE","og_type":"article","og_title":"Glasfasertechnik - radotronic elektrotechnische systeme gmbh","og_description":"[vc_row][vc_column width=&#8220;1\/2&#8243;][vc_column_text css=&#8220;&#8220;] Glasfasertechnik [\/vc_column_text][vc_column_text css=&#8220;&#8220;] Die steigenden Anforderungen an Kommunikationssysteme, auch im Bereich PV erfordern schnelle und sichere \u00dcbertragung von Signalen und Daten,auch auf langen Wegstrecken. Die \u00dcbertragung mittels Lichtwellenleiter (Glasfasern) ist nicht mehr wegzudenken. Modernste Ger\u00e4te erlauben uns diese Technik fachgerecht umzusetzten. Verlegung von LWL Leitungen. Spleissarbeiten an LWL Kabelmessungen mittels ODTR Messtechnik&hellip;","og_url":"https:\/\/www.radotronic.de\/index.php\/glasfasertechnik\/","og_site_name":"radotronic elektrotechnische systeme gmbh","article_modified_time":"2026-03-02T11:27:14+00:00","twitter_card":"summary_large_image","twitter_misc":{"Gesch\u00e4tzte Lesezeit":"1\u00a0Minute"},"schema":{"@context":"https:\/\/schema.org","@graph":[{"@type":"WebPage","@id":"https:\/\/www.radotronic.de\/index.php\/glasfasertechnik\/","url":"https:\/\/www.radotronic.de\/index.php\/glasfasertechnik\/","name":"Glasfasertechnik - radotronic elektrotechnische systeme gmbh","isPartOf":{"@id":"https:\/\/www.radotronic.de\/#website"},"datePublished":"2026-03-02T07:44:47+00:00","dateModified":"2026-03-02T11:27:14+00:00","breadcrumb":{"@id":"https:\/\/www.radotronic.de\/index.php\/glasfasertechnik\/#breadcrumb"},"inLanguage":"de","potentialAction":[{"@type":"ReadAction","target":["https:\/\/www.radotronic.de\/index.php\/glasfasertechnik\/"]}]},{"@type":"BreadcrumbList","@id":"https:\/\/www.radotronic.de\/index.php\/glasfasertechnik\/#breadcrumb","itemListElement":[{"@type":"ListItem","position":1,"name":"Startseite","item":"https:\/\/www.radotronic.de\/"},{"@type":"ListItem","position":2,"name":"Glasfasertechnik"}]},{"@type":"WebSite","@id":"https:\/\/www.radotronic.de\/#website","url":"https:\/\/www.radotronic.de\/","name":"radotronic elektrotechnische systeme gmbh","description":"","potentialAction":[{"@type":"SearchAction","target":{"@type":"EntryPoint","urlTemplate":"https:\/\/www.radotronic.de\/?s={search_term_string}"},"query-input":{"@type":"PropertyValueSpecification","valueRequired":true,"valueName":"search_term_string"}}],"inLanguage":"de"}]}},"_links":{"self":[{"href":"https:\/\/www.radotronic.de\/index.php\/wp-json\/wp\/v2\/pages\/5138","targetHints":{"allow":["GET"]}}],"collection":[{"href":"https:\/\/www.radotronic.de\/index.php\/wp-json\/wp\/v2\/pages"}],"about":[{"href":"https:\/\/www.radotronic.de\/index.php\/wp-json\/wp\/v2\/types\/page"}],"author":[{"embeddable":true,"href":"https:\/\/www.radotronic.de\/index.php\/wp-json\/wp\/v2\/users\/1"}],"replies":[{"embeddable":true,"href":"https:\/\/www.radotronic.de\/index.php\/wp-json\/wp\/v2\/comments?post=5138"}],"version-history":[{"count":5,"href":"https:\/\/www.radotronic.de\/index.php\/wp-json\/wp\/v2\/pages\/5138\/revisions"}],"predecessor-version":[{"id":5257,"href":"https:\/\/www.radotronic.de\/index.php\/wp-json\/wp\/v2\/pages\/5138\/revisions\/5257"}],"wp:attachment":[{"href":"https:\/\/www.radotronic.de\/index.php\/wp-json\/wp\/v2\/media?parent=5138"}],"curies":[{"name":"wp","href":"https:\/\/api.w.org\/{rel}","templated":true}]}}