{"id":5134,"date":"2026-03-02T08:43:56","date_gmt":"2026-03-02T07:43:56","guid":{"rendered":"https:\/\/www.radotronic.de\/?page_id=5134"},"modified":"2026-03-02T12:25:30","modified_gmt":"2026-03-02T11:25:30","slug":"notstromtechnik","status":"publish","type":"page","link":"https:\/\/www.radotronic.de\/index.php\/notstromtechnik\/","title":{"rendered":"Notstromtechnik"},"content":{"rendered":"<div class=\"wpb-content-wrapper\"><p>[vc_row][vc_column width=&#8220;1\/2&#8243;][vc_column_text css=&#8220;&#8220;]<\/p>\n<p style=\"font-weight: 400;\">Seid \u00fcber 10 Jahren befassen wir uns mit dem Thema Not- und Ersatzstromversorgung. Ob Bergh\u00fctte oder Gewerbeobjekte, Tankstelle, Feuerwehr oder Rettungsdienst, wir analysieren, planen und f\u00fchren aus. Neu- und Bestandsanlagen.<\/p>\n<ul>\n<li style=\"font-weight: 400;\">Unterbrechungsfreie Stromversorgung f\u00fcr Privat- und Gewerbe.<\/li>\n<li style=\"font-weight: 400;\">Notstromgeneratoren: Auslegung, Lieferung und Montage, Wartungs- und Reparaturarbeiten<\/li>\n<li style=\"font-weight: 400;\">Energiespeichersysteme\/ Akkuanlagen<\/li>\n<li style=\"font-weight: 400;\">Verleih und Anschluss von Notstromsystemen bei Umbauarbeiten in Produktion und Gewerbe<\/li>\n<li style=\"font-weight: 400;\">Inselstromversorgung ohne Netzanschluss in Kombination mit PV und Wind<\/li>\n<\/ul>\n<p>[\/vc_column_text][\/vc_column][vc_column width=&#8220;1\/2&#8243;][vc_single_image image=&#8220;5154&#8243; img_size=&#8220;full&#8220; css=&#8220;&#8220;][\/vc_column][\/vc_row][vc_row css=&#8220;.vc_custom_1772448766618{margin-top: 15px !important;}&#8220;][vc_column width=&#8220;1\/4&#8243;][vc_single_image image=&#8220;5152&#8243; img_size=&#8220;full&#8220;][\/vc_column][vc_column width=&#8220;1\/4&#8243;][vc_single_image image=&#8220;5153&#8243; img_size=&#8220;full&#8220; css=&#8220;&#8220;][\/vc_column][vc_column width=&#8220;2\/4&#8243;]<div class=\"ult-spacer spacer-69e191a8740b4\" data-id=\"69e191a8740b4\" data-height=\"200\" data-height-mobile=\"200\" data-height-tab=\"200\" data-height-tab-portrait=\"\" data-height-mobile-landscape=\"\" style=\"clear:both;display:block;\"><\/div>[vc_column_text css=&#8220;&#8220;]<\/p>\n<h2 style=\"font-weight: 400;\">Lassen Sie sich beraten!<\/h2>\n<p style=\"font-weight: 400;\">Wir haben eine L\u00f6sung.<\/p>\n<p>[\/vc_column_text]<style type=\"text\/css\" data-type=\"the7_shortcodes-inline-css\">#default-btn-c5f364e7573b9ed10b68bb86d079de0e.ico-right-side > i {\n  margin-right: 0px;\n  margin-left: 8px;\n}\n#default-btn-c5f364e7573b9ed10b68bb86d079de0e > i {\n  margin-right: 8px;\n}<\/style><a href=\"https:\/\/www.radotronic.de\/index.php\/kontakt\/\" class=\"default-btn-shortcode dt-btn dt-btn-s link-hover-off btn-inline-left  vc_custom_1772450726480\" id=\"default-btn-c5f364e7573b9ed10b68bb86d079de0e\" title=\"Kontakt\"><span>Kontakt<\/span><\/a>[\/vc_column][\/vc_row]<\/p>\n<\/div>","protected":false},"excerpt":{"rendered":"<p>[vc_row][vc_column width=&#8220;1\/2&#8243;][vc_column_text css=&#8220;&#8220;] Seid \u00fcber 10 Jahren befassen wir uns mit dem Thema Not- und Ersatzstromversorgung. Ob Bergh\u00fctte oder Gewerbeobjekte, Tankstelle, Feuerwehr oder Rettungsdienst, wir analysieren, planen und f\u00fchren aus. Neu- und Bestandsanlagen. Unterbrechungsfreie Stromversorgung f\u00fcr Privat- und Gewerbe. Notstromgeneratoren: Auslegung, Lieferung und Montage, Wartungs- und Reparaturarbeiten Energiespeichersysteme\/ Akkuanlagen Verleih und Anschluss von Notstromsystemen bei&hellip;<\/p>\n","protected":false},"author":1,"featured_media":0,"parent":0,"menu_order":0,"comment_status":"closed","ping_status":"closed","template":"","meta":{"footnotes":""},"class_list":["post-5134","page","type-page","status-publish","hentry","description-off"],"yoast_head":"<!-- This site is optimized with the Yoast SEO plugin v27.0 - https:\/\/yoast.com\/product\/yoast-seo-wordpress\/ -->\n<title>Notstromtechnik - radotronic elektrotechnische systeme gmbh<\/title>\n<meta name=\"robots\" content=\"index, follow, max-snippet:-1, max-image-preview:large, max-video-preview:-1\" \/>\n<link rel=\"canonical\" href=\"https:\/\/www.radotronic.de\/index.php\/notstromtechnik\/\" \/>\n<meta property=\"og:locale\" content=\"de_DE\" \/>\n<meta property=\"og:type\" content=\"article\" \/>\n<meta property=\"og:title\" content=\"Notstromtechnik - radotronic elektrotechnische systeme gmbh\" \/>\n<meta property=\"og:description\" content=\"[vc_row][vc_column width=&#8220;1\/2&#8243;][vc_column_text css=&#8220;&#8220;] Seid \u00fcber 10 Jahren befassen wir uns mit dem Thema Not- und Ersatzstromversorgung. Ob Bergh\u00fctte oder Gewerbeobjekte, Tankstelle, Feuerwehr oder Rettungsdienst, wir analysieren, planen und f\u00fchren aus. Neu- und Bestandsanlagen. Unterbrechungsfreie Stromversorgung f\u00fcr Privat- und Gewerbe. Notstromgeneratoren: Auslegung, Lieferung und Montage, Wartungs- und Reparaturarbeiten Energiespeichersysteme\/ Akkuanlagen Verleih und Anschluss von Notstromsystemen bei&hellip;\" \/>\n<meta property=\"og:url\" content=\"https:\/\/www.radotronic.de\/index.php\/notstromtechnik\/\" \/>\n<meta property=\"og:site_name\" content=\"radotronic elektrotechnische systeme gmbh\" \/>\n<meta property=\"article:modified_time\" content=\"2026-03-02T11:25:30+00:00\" \/>\n<meta name=\"twitter:card\" content=\"summary_large_image\" \/>\n<meta name=\"twitter:label1\" content=\"Gesch\u00e4tzte Lesezeit\" \/>\n\t<meta name=\"twitter:data1\" content=\"2\u00a0Minuten\" \/>\n<script type=\"application\/ld+json\" class=\"yoast-schema-graph\">{\"@context\":\"https:\/\/schema.org\",\"@graph\":[{\"@type\":\"WebPage\",\"@id\":\"https:\/\/www.radotronic.de\/index.php\/notstromtechnik\/\",\"url\":\"https:\/\/www.radotronic.de\/index.php\/notstromtechnik\/\",\"name\":\"Notstromtechnik - radotronic elektrotechnische systeme gmbh\",\"isPartOf\":{\"@id\":\"https:\/\/www.radotronic.de\/#website\"},\"datePublished\":\"2026-03-02T07:43:56+00:00\",\"dateModified\":\"2026-03-02T11:25:30+00:00\",\"breadcrumb\":{\"@id\":\"https:\/\/www.radotronic.de\/index.php\/notstromtechnik\/#breadcrumb\"},\"inLanguage\":\"de\",\"potentialAction\":[{\"@type\":\"ReadAction\",\"target\":[\"https:\/\/www.radotronic.de\/index.php\/notstromtechnik\/\"]}]},{\"@type\":\"BreadcrumbList\",\"@id\":\"https:\/\/www.radotronic.de\/index.php\/notstromtechnik\/#breadcrumb\",\"itemListElement\":[{\"@type\":\"ListItem\",\"position\":1,\"name\":\"Startseite\",\"item\":\"https:\/\/www.radotronic.de\/\"},{\"@type\":\"ListItem\",\"position\":2,\"name\":\"Notstromtechnik\"}]},{\"@type\":\"WebSite\",\"@id\":\"https:\/\/www.radotronic.de\/#website\",\"url\":\"https:\/\/www.radotronic.de\/\",\"name\":\"radotronic elektrotechnische systeme gmbh\",\"description\":\"\",\"potentialAction\":[{\"@type\":\"SearchAction\",\"target\":{\"@type\":\"EntryPoint\",\"urlTemplate\":\"https:\/\/www.radotronic.de\/?s={search_term_string}\"},\"query-input\":{\"@type\":\"PropertyValueSpecification\",\"valueRequired\":true,\"valueName\":\"search_term_string\"}}],\"inLanguage\":\"de\"}]}<\/script>\n<!-- \/ Yoast SEO plugin. -->","yoast_head_json":{"title":"Notstromtechnik - radotronic elektrotechnische systeme gmbh","robots":{"index":"index","follow":"follow","max-snippet":"max-snippet:-1","max-image-preview":"max-image-preview:large","max-video-preview":"max-video-preview:-1"},"canonical":"https:\/\/www.radotronic.de\/index.php\/notstromtechnik\/","og_locale":"de_DE","og_type":"article","og_title":"Notstromtechnik - radotronic elektrotechnische systeme gmbh","og_description":"[vc_row][vc_column width=&#8220;1\/2&#8243;][vc_column_text css=&#8220;&#8220;] Seid \u00fcber 10 Jahren befassen wir uns mit dem Thema Not- und Ersatzstromversorgung. Ob Bergh\u00fctte oder Gewerbeobjekte, Tankstelle, Feuerwehr oder Rettungsdienst, wir analysieren, planen und f\u00fchren aus. Neu- und Bestandsanlagen. Unterbrechungsfreie Stromversorgung f\u00fcr Privat- und Gewerbe. Notstromgeneratoren: Auslegung, Lieferung und Montage, Wartungs- und Reparaturarbeiten Energiespeichersysteme\/ Akkuanlagen Verleih und Anschluss von Notstromsystemen bei&hellip;","og_url":"https:\/\/www.radotronic.de\/index.php\/notstromtechnik\/","og_site_name":"radotronic elektrotechnische systeme gmbh","article_modified_time":"2026-03-02T11:25:30+00:00","twitter_card":"summary_large_image","twitter_misc":{"Gesch\u00e4tzte Lesezeit":"2\u00a0Minuten"},"schema":{"@context":"https:\/\/schema.org","@graph":[{"@type":"WebPage","@id":"https:\/\/www.radotronic.de\/index.php\/notstromtechnik\/","url":"https:\/\/www.radotronic.de\/index.php\/notstromtechnik\/","name":"Notstromtechnik - radotronic elektrotechnische systeme gmbh","isPartOf":{"@id":"https:\/\/www.radotronic.de\/#website"},"datePublished":"2026-03-02T07:43:56+00:00","dateModified":"2026-03-02T11:25:30+00:00","breadcrumb":{"@id":"https:\/\/www.radotronic.de\/index.php\/notstromtechnik\/#breadcrumb"},"inLanguage":"de","potentialAction":[{"@type":"ReadAction","target":["https:\/\/www.radotronic.de\/index.php\/notstromtechnik\/"]}]},{"@type":"BreadcrumbList","@id":"https:\/\/www.radotronic.de\/index.php\/notstromtechnik\/#breadcrumb","itemListElement":[{"@type":"ListItem","position":1,"name":"Startseite","item":"https:\/\/www.radotronic.de\/"},{"@type":"ListItem","position":2,"name":"Notstromtechnik"}]},{"@type":"WebSite","@id":"https:\/\/www.radotronic.de\/#website","url":"https:\/\/www.radotronic.de\/","name":"radotronic elektrotechnische systeme gmbh","description":"","potentialAction":[{"@type":"SearchAction","target":{"@type":"EntryPoint","urlTemplate":"https:\/\/www.radotronic.de\/?s={search_term_string}"},"query-input":{"@type":"PropertyValueSpecification","valueRequired":true,"valueName":"search_term_string"}}],"inLanguage":"de"}]}},"_links":{"self":[{"href":"https:\/\/www.radotronic.de\/index.php\/wp-json\/wp\/v2\/pages\/5134","targetHints":{"allow":["GET"]}}],"collection":[{"href":"https:\/\/www.radotronic.de\/index.php\/wp-json\/wp\/v2\/pages"}],"about":[{"href":"https:\/\/www.radotronic.de\/index.php\/wp-json\/wp\/v2\/types\/page"}],"author":[{"embeddable":true,"href":"https:\/\/www.radotronic.de\/index.php\/wp-json\/wp\/v2\/users\/1"}],"replies":[{"embeddable":true,"href":"https:\/\/www.radotronic.de\/index.php\/wp-json\/wp\/v2\/comments?post=5134"}],"version-history":[{"count":12,"href":"https:\/\/www.radotronic.de\/index.php\/wp-json\/wp\/v2\/pages\/5134\/revisions"}],"predecessor-version":[{"id":5255,"href":"https:\/\/www.radotronic.de\/index.php\/wp-json\/wp\/v2\/pages\/5134\/revisions\/5255"}],"wp:attachment":[{"href":"https:\/\/www.radotronic.de\/index.php\/wp-json\/wp\/v2\/media?parent=5134"}],"curies":[{"name":"wp","href":"https:\/\/api.w.org\/{rel}","templated":true}]}}