{"id":5106,"date":"2024-03-05T08:22:27","date_gmt":"2024-03-05T07:22:27","guid":{"rendered":"https:\/\/ww2.radotronic.de\/?page_id=5106"},"modified":"2025-04-16T07:49:21","modified_gmt":"2025-04-16T05:49:21","slug":"impressum","status":"publish","type":"page","link":"https:\/\/www.radotronic.de\/index.php\/impressum\/","title":{"rendered":"Impressum"},"content":{"rendered":"<div class=\"wpb-content-wrapper\"><p>[vc_row][vc_column][vc_column_text css=&#8220;&#8220;]<\/p>\n<p style=\"font-weight: 400;\">radotronic elektrotechnische systeme GmbH<br \/>\n\u00dcber der Landwehr 19<br \/>\n37520\u00a0Osterode am Harz<br \/>\nDeutschland<\/p>\n<p>vertreten durch den Gesch\u00e4ftsf\u00fchrer:<\/p>\n<p style=\"font-weight: 400;\">Dietmar Radomsky<\/p>\n<p style=\"font-weight: 400;\">Kontakt:<\/p>\n<p style=\"font-weight: 400;\">Telefon: (0 55 22) 31 05 \u2013 0<br \/>\nE-Mail: <a href=\"mailto:info@radotronic.de\">info@radotronic.de<\/a><\/p>\n<p>&nbsp;<\/p>\n<p style=\"font-weight: 400;\">Registereintrag:<\/p>\n<p style=\"font-weight: 400;\">Eintragung im Handelsregister.<br \/>\nRegistergericht: Amtsgericht G\u00f6ttingen<br \/>\nRegisternummer: HRB 130921<\/p>\n<p style=\"font-weight: 400;\">Umsatzsteuer:<\/p>\n<p style=\"font-weight: 400;\">Umsatzsteuer-Identifikationsnummer gem\u00e4\u00df \u00a727 a Umsatzsteuergesetz:<br \/>\nDE 190222230<\/p>\n<p style=\"font-weight: 400;\">Verantwortlicher i.S.d.\u00a7\u00a018 Abs. 2 MStV:<\/p>\n<p style=\"font-weight: 400;\">Dietmar Radomsky, \u00dcber der Landwehr 19, 37520, Osterode am Harz<\/p>\n<p>Quellenangaben:<br \/>\n(c) J\u00f6rg H\u00fcddersen &#8211; www.<a href=\"http:\/\/hueddersen.de\/\">hueddersen.de<\/a><\/p>\n<p>Plattform der EU-Kommission zur Online-Streitbeilegung:\u00a0<a href=\"https:\/\/ec.europa.eu\/consumers\/odr\">https:\/\/ec.europa.eu\/consumers\/odr<\/a><\/p>\n<p>Wir sind zur Teilnahme an einem Streitbeilegungsverfahren vor einer Verbraucherschlichtungsstelle weder verpflichtet noch bereit.<\/p>\n<p>&nbsp;<\/p>\n<p><b>Unsere Datenschutzerkl\u00e4rung finden Sie <\/b><a href=\"https:\/\/www.radotronic.de\/index.php\/datenschutzerklaerung\/\"><b>hier.<\/b><\/a>[\/vc_column_text][\/vc_column][\/vc_row]<\/p>\n<\/div>","protected":false},"excerpt":{"rendered":"<p>[vc_row][vc_column][vc_column_text css=&#8220;&#8220;] radotronic elektrotechnische systeme GmbH \u00dcber der Landwehr 19 37520\u00a0Osterode am Harz Deutschland vertreten durch den Gesch\u00e4ftsf\u00fchrer: Dietmar Radomsky Kontakt: Telefon: (0 55 22) 31 05 \u2013 0 E-Mail: info@radotronic.de &nbsp; Registereintrag: Eintragung im Handelsregister. Registergericht: Amtsgericht G\u00f6ttingen Registernummer: HRB 130921 Umsatzsteuer: Umsatzsteuer-Identifikationsnummer gem\u00e4\u00df \u00a727 a Umsatzsteuergesetz: DE 190222230 Verantwortlicher i.S.d.\u00a7\u00a018 Abs. 2 MStV:&hellip;<\/p>\n","protected":false},"author":1,"featured_media":0,"parent":0,"menu_order":0,"comment_status":"closed","ping_status":"closed","template":"","meta":{"footnotes":""},"class_list":["post-5106","page","type-page","status-publish","hentry","description-off"],"yoast_head":"<!-- This site is optimized with the Yoast SEO plugin v27.0 - https:\/\/yoast.com\/product\/yoast-seo-wordpress\/ -->\n<title>Impressum - radotronic elektrotechnische systeme gmbh<\/title>\n<meta name=\"robots\" content=\"index, follow, max-snippet:-1, max-image-preview:large, max-video-preview:-1\" \/>\n<link rel=\"canonical\" href=\"https:\/\/www.radotronic.de\/index.php\/impressum\/\" \/>\n<meta property=\"og:locale\" content=\"de_DE\" \/>\n<meta property=\"og:type\" content=\"article\" \/>\n<meta property=\"og:title\" content=\"Impressum - radotronic elektrotechnische systeme gmbh\" \/>\n<meta property=\"og:description\" content=\"[vc_row][vc_column][vc_column_text css=&#8220;&#8220;] radotronic elektrotechnische systeme GmbH \u00dcber der Landwehr 19 37520\u00a0Osterode am Harz Deutschland vertreten durch den Gesch\u00e4ftsf\u00fchrer: Dietmar Radomsky Kontakt: Telefon: (0 55 22) 31 05 \u2013 0 E-Mail: info@radotronic.de &nbsp; Registereintrag: Eintragung im Handelsregister. Registergericht: Amtsgericht G\u00f6ttingen Registernummer: HRB 130921 Umsatzsteuer: Umsatzsteuer-Identifikationsnummer gem\u00e4\u00df \u00a727 a Umsatzsteuergesetz: DE 190222230 Verantwortlicher i.S.d.\u00a7\u00a018 Abs. 2 MStV:&hellip;\" \/>\n<meta property=\"og:url\" content=\"https:\/\/www.radotronic.de\/index.php\/impressum\/\" \/>\n<meta property=\"og:site_name\" content=\"radotronic elektrotechnische systeme gmbh\" \/>\n<meta property=\"article:modified_time\" content=\"2025-04-16T05:49:21+00:00\" \/>\n<meta name=\"twitter:card\" content=\"summary_large_image\" \/>\n<meta name=\"twitter:label1\" content=\"Gesch\u00e4tzte Lesezeit\" \/>\n\t<meta name=\"twitter:data1\" content=\"1\u00a0Minute\" \/>\n<script type=\"application\/ld+json\" class=\"yoast-schema-graph\">{\"@context\":\"https:\/\/schema.org\",\"@graph\":[{\"@type\":\"WebPage\",\"@id\":\"https:\/\/www.radotronic.de\/index.php\/impressum\/\",\"url\":\"https:\/\/www.radotronic.de\/index.php\/impressum\/\",\"name\":\"Impressum - radotronic elektrotechnische systeme gmbh\",\"isPartOf\":{\"@id\":\"https:\/\/www.radotronic.de\/#website\"},\"datePublished\":\"2024-03-05T07:22:27+00:00\",\"dateModified\":\"2025-04-16T05:49:21+00:00\",\"breadcrumb\":{\"@id\":\"https:\/\/www.radotronic.de\/index.php\/impressum\/#breadcrumb\"},\"inLanguage\":\"de\",\"potentialAction\":[{\"@type\":\"ReadAction\",\"target\":[\"https:\/\/www.radotronic.de\/index.php\/impressum\/\"]}]},{\"@type\":\"BreadcrumbList\",\"@id\":\"https:\/\/www.radotronic.de\/index.php\/impressum\/#breadcrumb\",\"itemListElement\":[{\"@type\":\"ListItem\",\"position\":1,\"name\":\"Startseite\",\"item\":\"https:\/\/www.radotronic.de\/\"},{\"@type\":\"ListItem\",\"position\":2,\"name\":\"Impressum\"}]},{\"@type\":\"WebSite\",\"@id\":\"https:\/\/www.radotronic.de\/#website\",\"url\":\"https:\/\/www.radotronic.de\/\",\"name\":\"radotronic elektrotechnische systeme gmbh\",\"description\":\"\",\"potentialAction\":[{\"@type\":\"SearchAction\",\"target\":{\"@type\":\"EntryPoint\",\"urlTemplate\":\"https:\/\/www.radotronic.de\/?s={search_term_string}\"},\"query-input\":{\"@type\":\"PropertyValueSpecification\",\"valueRequired\":true,\"valueName\":\"search_term_string\"}}],\"inLanguage\":\"de\"}]}<\/script>\n<!-- \/ Yoast SEO plugin. -->","yoast_head_json":{"title":"Impressum - radotronic elektrotechnische systeme gmbh","robots":{"index":"index","follow":"follow","max-snippet":"max-snippet:-1","max-image-preview":"max-image-preview:large","max-video-preview":"max-video-preview:-1"},"canonical":"https:\/\/www.radotronic.de\/index.php\/impressum\/","og_locale":"de_DE","og_type":"article","og_title":"Impressum - radotronic elektrotechnische systeme gmbh","og_description":"[vc_row][vc_column][vc_column_text css=&#8220;&#8220;] radotronic elektrotechnische systeme GmbH \u00dcber der Landwehr 19 37520\u00a0Osterode am Harz Deutschland vertreten durch den Gesch\u00e4ftsf\u00fchrer: Dietmar Radomsky Kontakt: Telefon: (0 55 22) 31 05 \u2013 0 E-Mail: info@radotronic.de &nbsp; Registereintrag: Eintragung im Handelsregister. Registergericht: Amtsgericht G\u00f6ttingen Registernummer: HRB 130921 Umsatzsteuer: Umsatzsteuer-Identifikationsnummer gem\u00e4\u00df \u00a727 a Umsatzsteuergesetz: DE 190222230 Verantwortlicher i.S.d.\u00a7\u00a018 Abs. 2 MStV:&hellip;","og_url":"https:\/\/www.radotronic.de\/index.php\/impressum\/","og_site_name":"radotronic elektrotechnische systeme gmbh","article_modified_time":"2025-04-16T05:49:21+00:00","twitter_card":"summary_large_image","twitter_misc":{"Gesch\u00e4tzte Lesezeit":"1\u00a0Minute"},"schema":{"@context":"https:\/\/schema.org","@graph":[{"@type":"WebPage","@id":"https:\/\/www.radotronic.de\/index.php\/impressum\/","url":"https:\/\/www.radotronic.de\/index.php\/impressum\/","name":"Impressum - radotronic elektrotechnische systeme gmbh","isPartOf":{"@id":"https:\/\/www.radotronic.de\/#website"},"datePublished":"2024-03-05T07:22:27+00:00","dateModified":"2025-04-16T05:49:21+00:00","breadcrumb":{"@id":"https:\/\/www.radotronic.de\/index.php\/impressum\/#breadcrumb"},"inLanguage":"de","potentialAction":[{"@type":"ReadAction","target":["https:\/\/www.radotronic.de\/index.php\/impressum\/"]}]},{"@type":"BreadcrumbList","@id":"https:\/\/www.radotronic.de\/index.php\/impressum\/#breadcrumb","itemListElement":[{"@type":"ListItem","position":1,"name":"Startseite","item":"https:\/\/www.radotronic.de\/"},{"@type":"ListItem","position":2,"name":"Impressum"}]},{"@type":"WebSite","@id":"https:\/\/www.radotronic.de\/#website","url":"https:\/\/www.radotronic.de\/","name":"radotronic elektrotechnische systeme gmbh","description":"","potentialAction":[{"@type":"SearchAction","target":{"@type":"EntryPoint","urlTemplate":"https:\/\/www.radotronic.de\/?s={search_term_string}"},"query-input":{"@type":"PropertyValueSpecification","valueRequired":true,"valueName":"search_term_string"}}],"inLanguage":"de"}]}},"_links":{"self":[{"href":"https:\/\/www.radotronic.de\/index.php\/wp-json\/wp\/v2\/pages\/5106","targetHints":{"allow":["GET"]}}],"collection":[{"href":"https:\/\/www.radotronic.de\/index.php\/wp-json\/wp\/v2\/pages"}],"about":[{"href":"https:\/\/www.radotronic.de\/index.php\/wp-json\/wp\/v2\/types\/page"}],"author":[{"embeddable":true,"href":"https:\/\/www.radotronic.de\/index.php\/wp-json\/wp\/v2\/users\/1"}],"replies":[{"embeddable":true,"href":"https:\/\/www.radotronic.de\/index.php\/wp-json\/wp\/v2\/comments?post=5106"}],"version-history":[{"count":8,"href":"https:\/\/www.radotronic.de\/index.php\/wp-json\/wp\/v2\/pages\/5106\/revisions"}],"predecessor-version":[{"id":5131,"href":"https:\/\/www.radotronic.de\/index.php\/wp-json\/wp\/v2\/pages\/5106\/revisions\/5131"}],"wp:attachment":[{"href":"https:\/\/www.radotronic.de\/index.php\/wp-json\/wp\/v2\/media?parent=5106"}],"curies":[{"name":"wp","href":"https:\/\/api.w.org\/{rel}","templated":true}]}}