{"id":4898,"date":"2024-02-01T11:00:18","date_gmt":"2024-02-01T10:00:18","guid":{"rendered":"https:\/\/ww2.radotronic.de\/?page_id=4898"},"modified":"2024-03-05T08:08:26","modified_gmt":"2024-03-05T07:08:26","slug":"ueber-uns","status":"publish","type":"page","link":"https:\/\/www.radotronic.de\/index.php\/ueber-uns\/","title":{"rendered":"\u00dcber uns"},"content":{"rendered":"<div class=\"wpb-content-wrapper\"><p>[vc_row][vc_column width=&#8220;1\/2&#8243;][vc_single_image image=&#8220;4962&#8243; img_size=&#8220;full&#8220;][\/vc_column][vc_column width=&#8220;1\/2&#8243;]<div class=\"ult-spacer spacer-69fc86ad9712c\" data-id=\"69fc86ad9712c\" data-height=\"50\" data-height-mobile=\"50\" data-height-tab=\"50\" data-height-tab-portrait=\"\" data-height-mobile-landscape=\"\" style=\"clear:both;display:block;\"><\/div>[vc_column_text css=&#8220;.vc_custom_1709046303262{padding-right: 40px !important;padding-left: 40px !important;}&#8220;]<\/p>\n<h4>Wie alles begann<\/h4>\n<p>Die Firma radotronic elektrotechnische systeme GmbH wurde 1999 aus dem Einzelunternehmen Dietmar Radomsky Elektrotechnik gegr\u00fcndet. Bis zum Jahr 2005 war das Unternehmen in Osterode im ehemaligen Zollamt ans\u00e4ssig. 2005 wurde dann im Gewerbepark Westharz in Lasfelde der heutige Neubau errichtet. Dieser wurde in den Folgejahren durch weitere 4 Lager- und Fertigungshallen erweitert. Der Kernkompetenzbereich der Firma liegt in der Elektrotechnik und regenerativen Energietechnik.<\/p>\n<p>[\/vc_column_text][\/vc_column][\/vc_row][vc_row full_width=&#8220;stretch_row&#8220; css=&#8220;.vc_custom_1709622503602{margin-top: 50px !important;margin-bottom: 50px !important;background-color: #f2f2f2 !important;}&#8220;][vc_column width=&#8220;1\/2&#8243;]<div class=\"ult-spacer spacer-69fc86ad97147\" data-id=\"69fc86ad97147\" data-height=\"20\" data-height-mobile=\"20\" data-height-tab=\"20\" data-height-tab-portrait=\"\" data-height-mobile-landscape=\"\" style=\"clear:both;display:block;\"><\/div>[vc_column_text css=&#8220;.vc_custom_1709046544959{padding-right: 20px !important;}&#8220;]<\/p>\n<h4>Seit 1999 wurden \u00fcber 1000 Solaranlagen geplant und errichtet.<\/h4>\n<p>Seit dieser Zeit hat sich unser Produktbereich rund um das Thema der Sonnenenergie von reinen Solaranlagen \u00fcber die Akkuspeichertechnik, die Ladeinfrastruktur f\u00fcr E-Mobilit\u00e4t bis hin zum Energiemanagement stetig erweitert.[\/vc_column_text][vc_column_text css=&#8220;.vc_custom_1709046320853{padding-right: 20px !important;}&#8220;]<\/p>\n<p>Seit 2013 sind wir in der Planung und Errichtung von Elektroladestationen t\u00e4tig. Wir haben die passenden Ladestationen f\u00fcr alle Anwendungsf\u00e4lle\u200b.[\/vc_column_text]<div class=\"ult-spacer spacer-69fc86ad97156\" data-id=\"69fc86ad97156\" data-height=\"20\" data-height-mobile=\"20\" data-height-tab=\"20\" data-height-tab-portrait=\"\" data-height-mobile-landscape=\"\" style=\"clear:both;display:block;\"><\/div><style type=\"text\/css\" data-type=\"the7_shortcodes-inline-css\">#default-btn-3403540de1b78e0171593d7711100b01.ico-right-side > i {\n  margin-right: 0px;\n  margin-left: 8px;\n}\n#default-btn-3403540de1b78e0171593d7711100b01 > i {\n  margin-right: 8px;\n}<\/style><a href=\"#\" class=\"default-btn-shortcode dt-btn dt-btn-s link-hover-off btn-inline-left \" id=\"default-btn-3403540de1b78e0171593d7711100b01\"><span>mehr zu PV Anlagen<\/span><\/a><style type=\"text\/css\" data-type=\"the7_shortcodes-inline-css\">#default-btn-1ffe7e3bc03179e36ef2af6e189c39c6.ico-right-side > i {\n  margin-right: 0px;\n  margin-left: 8px;\n}\n#default-btn-1ffe7e3bc03179e36ef2af6e189c39c6 > i {\n  margin-right: 8px;\n}<\/style><a href=\"https:\/\/ww2.radotronic.de\/index.php\/elektromobilitaet\/\" class=\"default-btn-shortcode dt-btn dt-btn-s link-hover-off btn-inline-left  vc_custom_1709300644874\" id=\"default-btn-1ffe7e3bc03179e36ef2af6e189c39c6\"><span>mehr zu Elektromobilit\u00e4t<\/span><\/a><div class=\"ult-spacer spacer-69fc86ad972bf\" data-id=\"69fc86ad972bf\" data-height=\"50\" data-height-mobile=\"50\" data-height-tab=\"50\" data-height-tab-portrait=\"\" data-height-mobile-landscape=\"\" style=\"clear:both;display:block;\"><\/div>[\/vc_column][vc_column width=&#8220;1\/2&#8243;][vc_video link=&#8220;https:\/\/youtu.be\/zdKsxryzFI8?si=TQpWQYCCEcWHMmSz&#8220;][\/vc_column][\/vc_row][vc_row][vc_column width=&#8220;1\/2&#8243;][vc_single_image image=&#8220;5000&#8243; img_size=&#8220;full&#8220;][\/vc_column][vc_column width=&#8220;1\/2&#8243;][vc_column_text css=&#8220;.vc_custom_1706782071102{padding-right: 40px !important;padding-left: 40px !important;}&#8220;]<\/p>\n<h4>Qualit\u00e4t wird bei uns gro\u00df geschrieben<\/h4>\n<p>Wir verpflichten uns, bei allen Aktivit\u00e4ten die W\u00fcnsche und Bed\u00fcrfnisse unserer Kunden in den Vordergrund zu stellen, ohne dabei unsere soziale, juristische, \u00f6konomische und \u00f6kologische Verantwortung zu vernachl\u00e4ssigen.<\/p>\n<p>Gegen\u00fcber Kunden und Lieferanten sind wir ein verl\u00e4sslicher Partner, der seine Verpflichtungen ernst nimmt und sein Handeln verbindlich ist. Eine stabile Gesch\u00e4ftsgrundlage bildet die Basis f\u00fcr das Vertrauen von Gesch\u00e4ftspartnern und Mitarbeitern.<\/p>\n<p>Die Fachkompetenz aller Mitarbeiter wird geb\u00fcndelt und st\u00e4ndig anforderungsgerecht erweitert, um sowohl f\u00fcr aktuelle als auch f\u00fcr zuk\u00fcnftige Aufgaben ger\u00fcstet zu sein. Jeder unserer Mitarbeiter hat sich ethischen und rechtsstaatlichen Grunds\u00e4tzen zu verpflichten. Die Grundlage daf\u00fcr bildet das Grundgesetz der Bundesrepublik Deutschland.<\/p>\n<p>Innovationsbereitschaft und \u2013f\u00e4higkeit sichern unsere zuk\u00fcnftige Gesch\u00e4ftsf\u00e4higkeit.<\/p>\n<p>Jede Investition wird sorgf\u00e4ltig auf Kosten und Nutzen gepr\u00fcft, um unn\u00f6tige finanzielle Risiken zu vermeiden.<\/p>\n<p>Eine ausgepr\u00e4gte Kritikf\u00e4higkeit nach Au\u00dfen und Innen sorgt f\u00fcr eine st\u00e4ndige Verbesserung der Qualit\u00e4t.[\/vc_column_text][\/vc_column][\/vc_row]<\/p>\n<\/div>","protected":false},"excerpt":{"rendered":"<p>[vc_row][vc_column width=&#8220;1\/2&#8243;][vc_single_image image=&#8220;4962&#8243; img_size=&#8220;full&#8220;][\/vc_column][vc_column width=&#8220;1\/2&#8243;][vc_column_text css=&#8220;.vc_custom_1709046303262{padding-right: 40px !important;padding-left: 40px !important;}&#8220;] Wie alles begann Die Firma radotronic elektrotechnische systeme GmbH wurde 1999 aus dem Einzelunternehmen Dietmar Radomsky Elektrotechnik gegr\u00fcndet. Bis zum Jahr 2005 war das Unternehmen in Osterode im ehemaligen Zollamt ans\u00e4ssig. 2005 wurde dann im Gewerbepark Westharz in Lasfelde der heutige Neubau errichtet. Dieser wurde&hellip;<\/p>\n","protected":false},"author":1,"featured_media":0,"parent":0,"menu_order":0,"comment_status":"closed","ping_status":"closed","template":"","meta":{"footnotes":""},"class_list":["post-4898","page","type-page","status-publish","hentry","description-off"],"yoast_head":"<!-- This site is optimized with the Yoast SEO plugin v27.0 - https:\/\/yoast.com\/product\/yoast-seo-wordpress\/ -->\n<title>\u00dcber uns - radotronic elektrotechnische systeme gmbh<\/title>\n<meta name=\"robots\" content=\"index, follow, max-snippet:-1, max-image-preview:large, max-video-preview:-1\" \/>\n<link rel=\"canonical\" href=\"https:\/\/www.radotronic.de\/index.php\/ueber-uns\/\" \/>\n<meta property=\"og:locale\" content=\"de_DE\" \/>\n<meta property=\"og:type\" content=\"article\" \/>\n<meta property=\"og:title\" content=\"\u00dcber uns - radotronic elektrotechnische systeme gmbh\" \/>\n<meta property=\"og:description\" content=\"[vc_row][vc_column width=&#8220;1\/2&#8243;][vc_single_image image=&#8220;4962&#8243; img_size=&#8220;full&#8220;][\/vc_column][vc_column width=&#8220;1\/2&#8243;][vc_column_text css=&#8220;.vc_custom_1709046303262{padding-right: 40px !important;padding-left: 40px !important;}&#8220;] Wie alles begann Die Firma radotronic elektrotechnische systeme GmbH wurde 1999 aus dem Einzelunternehmen Dietmar Radomsky Elektrotechnik gegr\u00fcndet. Bis zum Jahr 2005 war das Unternehmen in Osterode im ehemaligen Zollamt ans\u00e4ssig. 2005 wurde dann im Gewerbepark Westharz in Lasfelde der heutige Neubau errichtet. Dieser wurde&hellip;\" \/>\n<meta property=\"og:url\" content=\"https:\/\/www.radotronic.de\/index.php\/ueber-uns\/\" \/>\n<meta property=\"og:site_name\" content=\"radotronic elektrotechnische systeme gmbh\" \/>\n<meta property=\"article:modified_time\" content=\"2024-03-05T07:08:26+00:00\" \/>\n<meta name=\"twitter:card\" content=\"summary_large_image\" \/>\n<meta name=\"twitter:label1\" content=\"Gesch\u00e4tzte Lesezeit\" \/>\n\t<meta name=\"twitter:data1\" content=\"2\u00a0Minuten\" \/>\n<script type=\"application\/ld+json\" class=\"yoast-schema-graph\">{\"@context\":\"https:\/\/schema.org\",\"@graph\":[{\"@type\":\"WebPage\",\"@id\":\"https:\/\/www.radotronic.de\/index.php\/ueber-uns\/\",\"url\":\"https:\/\/www.radotronic.de\/index.php\/ueber-uns\/\",\"name\":\"\u00dcber uns - radotronic elektrotechnische systeme gmbh\",\"isPartOf\":{\"@id\":\"https:\/\/www.radotronic.de\/#website\"},\"datePublished\":\"2024-02-01T10:00:18+00:00\",\"dateModified\":\"2024-03-05T07:08:26+00:00\",\"breadcrumb\":{\"@id\":\"https:\/\/www.radotronic.de\/index.php\/ueber-uns\/#breadcrumb\"},\"inLanguage\":\"de\",\"potentialAction\":[{\"@type\":\"ReadAction\",\"target\":[\"https:\/\/www.radotronic.de\/index.php\/ueber-uns\/\"]}]},{\"@type\":\"BreadcrumbList\",\"@id\":\"https:\/\/www.radotronic.de\/index.php\/ueber-uns\/#breadcrumb\",\"itemListElement\":[{\"@type\":\"ListItem\",\"position\":1,\"name\":\"Startseite\",\"item\":\"https:\/\/www.radotronic.de\/\"},{\"@type\":\"ListItem\",\"position\":2,\"name\":\"\u00dcber uns\"}]},{\"@type\":\"WebSite\",\"@id\":\"https:\/\/www.radotronic.de\/#website\",\"url\":\"https:\/\/www.radotronic.de\/\",\"name\":\"radotronic elektrotechnische systeme gmbh\",\"description\":\"\",\"potentialAction\":[{\"@type\":\"SearchAction\",\"target\":{\"@type\":\"EntryPoint\",\"urlTemplate\":\"https:\/\/www.radotronic.de\/?s={search_term_string}\"},\"query-input\":{\"@type\":\"PropertyValueSpecification\",\"valueRequired\":true,\"valueName\":\"search_term_string\"}}],\"inLanguage\":\"de\"}]}<\/script>\n<!-- \/ Yoast SEO plugin. -->","yoast_head_json":{"title":"\u00dcber uns - radotronic elektrotechnische systeme gmbh","robots":{"index":"index","follow":"follow","max-snippet":"max-snippet:-1","max-image-preview":"max-image-preview:large","max-video-preview":"max-video-preview:-1"},"canonical":"https:\/\/www.radotronic.de\/index.php\/ueber-uns\/","og_locale":"de_DE","og_type":"article","og_title":"\u00dcber uns - radotronic elektrotechnische systeme gmbh","og_description":"[vc_row][vc_column width=&#8220;1\/2&#8243;][vc_single_image image=&#8220;4962&#8243; img_size=&#8220;full&#8220;][\/vc_column][vc_column width=&#8220;1\/2&#8243;][vc_column_text css=&#8220;.vc_custom_1709046303262{padding-right: 40px !important;padding-left: 40px !important;}&#8220;] Wie alles begann Die Firma radotronic elektrotechnische systeme GmbH wurde 1999 aus dem Einzelunternehmen Dietmar Radomsky Elektrotechnik gegr\u00fcndet. Bis zum Jahr 2005 war das Unternehmen in Osterode im ehemaligen Zollamt ans\u00e4ssig. 2005 wurde dann im Gewerbepark Westharz in Lasfelde der heutige Neubau errichtet. Dieser wurde&hellip;","og_url":"https:\/\/www.radotronic.de\/index.php\/ueber-uns\/","og_site_name":"radotronic elektrotechnische systeme gmbh","article_modified_time":"2024-03-05T07:08:26+00:00","twitter_card":"summary_large_image","twitter_misc":{"Gesch\u00e4tzte Lesezeit":"2\u00a0Minuten"},"schema":{"@context":"https:\/\/schema.org","@graph":[{"@type":"WebPage","@id":"https:\/\/www.radotronic.de\/index.php\/ueber-uns\/","url":"https:\/\/www.radotronic.de\/index.php\/ueber-uns\/","name":"\u00dcber uns - radotronic elektrotechnische systeme gmbh","isPartOf":{"@id":"https:\/\/www.radotronic.de\/#website"},"datePublished":"2024-02-01T10:00:18+00:00","dateModified":"2024-03-05T07:08:26+00:00","breadcrumb":{"@id":"https:\/\/www.radotronic.de\/index.php\/ueber-uns\/#breadcrumb"},"inLanguage":"de","potentialAction":[{"@type":"ReadAction","target":["https:\/\/www.radotronic.de\/index.php\/ueber-uns\/"]}]},{"@type":"BreadcrumbList","@id":"https:\/\/www.radotronic.de\/index.php\/ueber-uns\/#breadcrumb","itemListElement":[{"@type":"ListItem","position":1,"name":"Startseite","item":"https:\/\/www.radotronic.de\/"},{"@type":"ListItem","position":2,"name":"\u00dcber uns"}]},{"@type":"WebSite","@id":"https:\/\/www.radotronic.de\/#website","url":"https:\/\/www.radotronic.de\/","name":"radotronic elektrotechnische systeme gmbh","description":"","potentialAction":[{"@type":"SearchAction","target":{"@type":"EntryPoint","urlTemplate":"https:\/\/www.radotronic.de\/?s={search_term_string}"},"query-input":{"@type":"PropertyValueSpecification","valueRequired":true,"valueName":"search_term_string"}}],"inLanguage":"de"}]}},"_links":{"self":[{"href":"https:\/\/www.radotronic.de\/index.php\/wp-json\/wp\/v2\/pages\/4898","targetHints":{"allow":["GET"]}}],"collection":[{"href":"https:\/\/www.radotronic.de\/index.php\/wp-json\/wp\/v2\/pages"}],"about":[{"href":"https:\/\/www.radotronic.de\/index.php\/wp-json\/wp\/v2\/types\/page"}],"author":[{"embeddable":true,"href":"https:\/\/www.radotronic.de\/index.php\/wp-json\/wp\/v2\/users\/1"}],"replies":[{"embeddable":true,"href":"https:\/\/www.radotronic.de\/index.php\/wp-json\/wp\/v2\/comments?post=4898"}],"version-history":[{"count":26,"href":"https:\/\/www.radotronic.de\/index.php\/wp-json\/wp\/v2\/pages\/4898\/revisions"}],"predecessor-version":[{"id":5103,"href":"https:\/\/www.radotronic.de\/index.php\/wp-json\/wp\/v2\/pages\/4898\/revisions\/5103"}],"wp:attachment":[{"href":"https:\/\/www.radotronic.de\/index.php\/wp-json\/wp\/v2\/media?parent=4898"}],"curies":[{"name":"wp","href":"https:\/\/api.w.org\/{rel}","templated":true}]}}